{"id":161,"date":"2018-07-04T09:19:17","date_gmt":"2018-07-04T07:19:17","guid":{"rendered":"http:\/\/www.megra.pomurski-sejem.si\/kako-do-nas\/"},"modified":"2019-09-17T14:33:16","modified_gmt":"2019-09-17T12:33:16","slug":"find-us","status":"publish","type":"page","link":"https:\/\/www.megra.pomurski-sejem.si\/en\/find-us\/","title":{"rendered":"Find us &#8211; Accomodation"},"content":{"rendered":"<div  class=\"one withsmallpadding ppb_header \" style=\"text-align:left;padding:30px 0 30px 0;\" >\n<div class=\"standard_wrapper\">\n<div class=\"page_content_wrapper\">\n<div class=\"inner\">\n<div style=\"width:100%\">\n<h2 class=\"ppb_title\" style=\";text-align:left;\">Find us<\/h2>\n<div class=\"ppb_header_content\">\n<p><iframe style=\"border: 0;\" src=\"https:\/\/www.google.com\/maps\/embed?pb=!1m18!1m12!1m3!1d10951.112147825694!2d15.995696149999999!3d46.6706432!2m3!1f0!2f0!3f0!3m2!1i1024!2i768!4f13.1!3m3!1m2!1s0x476f148089d101b1%3A0xe00b202fbaa42fee!2sPomurski+sejem+d.d.!5e0!3m2!1ssl!2ssi!4v1528456713475\" width=\"100%\" height=\"450\" frameborder=\"0\" allowfullscreen=\"allowfullscreen\"><\/iframe><\/p>\n<\/div>\n<\/div>\n<\/div>\n<\/div>\n<\/div>\n<\/div>\n<div  class=\"one withsmallpadding ppb_text\" style=\"text-align:left;padding:30px 0 30px 0;\" >\n<div class=\"standard_wrapper\">\n<div class=\"page_content_wrapper\">\n<div class=\"inner\">\n<div style=\"margin:auto;width:100%\">\n<hr>\n<\/div>\n<\/div>\n<\/div>\n<\/div>\n<\/div>\n<div  class=\"one withsmallpadding ppb_text\" style=\"text-align:left;padding:30px 0 30px 0;\" >\n<div class=\"standard_wrapper\">\n<div class=\"page_content_wrapper\">\n<div class=\"inner\">\n<div style=\"margin:auto;width:100%\">\n<h3>TRAVELLING<\/h3>\n<p>Gornja Radgona is on a great location in the northeast of Slovenia, on the border to Austria, close to the capital of Slovenia (Ljubljana), close to Croatia and close to Hungary.<\/p>\n<\/div>\n<\/div>\n<\/div>\n<\/div>\n<\/div>\n<div  class=\"one withsmallpadding ppb_text\" style=\"text-align:left;padding:30px 0 30px 0;\" >\n<div class=\"standard_wrapper\">\n<div class=\"page_content_wrapper\">\n<div class=\"inner\">\n<div style=\"margin:auto;width:100%\">\n<hr>\n<\/div>\n<\/div>\n<\/div>\n<\/div>\n<\/div>\n<div  class=\"one withsmallpadding ppb_text\" style=\"text-align:left;padding:30px 0 30px 0;\" >\n<div class=\"standard_wrapper\">\n<div class=\"page_content_wrapper\">\n<div class=\"inner\">\n<div style=\"margin:auto;width:100%\">\n<h3>BY PLANE<\/h3>\n<p>If you are planning to arrive by plane, the nearest airport is in <strong>Graz, Austria (66 km)<\/strong>. Graz airport is up to 1 hour drive north-west of Gornja Radgona. It offers regular and frequent flights to several big connection airports (Munich, Frankfurt, and Vienna).<\/p>\n<p>For transfer from airports to Gornja Radgona you can choose public transportation or rent a car.<\/p>\n<p>The way to reach Gornja Radgona from Graz Airport is also by train to go to Bad Radkersburg, which is the border town to Gornja Radgona. The train station (Flughafen Graz-Feldkirchen) is within walking distance of the terminal.<\/p>\n<p>It is also possible to take a taxi to Gornja Radgona.<\/p>\n<p><strong>OTHER AIRPORTS:<\/strong><\/p>\n<p><strong>Ljubljana (Jo\u017ee Pu\u010dnik airport) = 173 km<\/strong><\/p>\n<p>The airport is located some 25 minutes\u2019 drive north of Ljubljana. Regular hourly bus transfers (45 min) to the Ljubljana train and coach station are available. A one-way ticket costs around 4 EUR. The train and coach station is situated in the centre of Ljubljana.<\/p>\n<p>A taxi transfer on the same route costs approximately 30 EUR. The taxi rank is right in front of the terminal. Taxis are available according to the actual arrivals of flights. For reservation or more information you can call on telephone number: + 386 59 060 777, +386 31 216 111, e-mail <a href=\"mailto:taxiairport4@gmail.com\">taxiairport4@gmail.com<\/a> or visit this web address <a href=\"http:\/\/airporttaxi.si\/\">http:\/\/airporttaxi.si\/<\/a><\/p>\n<p>The best option is to take a bus from Ljubljana to Gornja Radgona or a train to Maribor and from there a bus to Gornja Radgona.<\/p>\n<p><strong>Zagreb (Pleso), Croatia = 139 km<\/strong><br \/>Zagreb airport is a 2 hour drive from Gornja Radgona.<\/p>\n<p><strong>Vienna (Schwechat), Austria = 219 km<\/strong><br \/>Vienna airport is 2\u00bd hours\u2019 drive from Gornja Radgona. The easiest way to get from Vienna to Gornja Radgona is by train to Bad Radkersburg.<\/p>\n<p><iframe src=\"https:\/\/www.google.com\/maps\/d\/u\/0\/embed?mid=1M2_v_2Dhvq-jMJC60lszATla7uWdcUmW\" width=\"640\" height=\"480\"><\/iframe><\/p>\n<\/div>\n<\/div>\n<\/div>\n<\/div>\n<\/div>\n<div  class=\"one withsmallpadding ppb_text\" style=\"text-align:left;padding:30px 0 30px 0;\" >\n<div class=\"standard_wrapper\">\n<div class=\"page_content_wrapper\">\n<div class=\"inner\">\n<div style=\"margin:auto;width:100%\">\n<hr>\n<\/div>\n<\/div>\n<\/div>\n<\/div>\n<\/div>\n<div  class=\"one withsmallpadding ppb_text\" style=\"text-align:left;padding:30px 0 30px 0;\" >\n<div class=\"standard_wrapper\">\n<div class=\"page_content_wrapper\">\n<div class=\"inner\">\n<div style=\"margin:auto;width:100%\">\n<h3>BY CAR<\/h3>\n<p>The highway makes travelling by car to Gornja Radgona shorter and more convenient than ever before. To arrive to Gornja Radgona take the exits Lenart, Sv. Jurij or Vu\u010dja vas from the A5. If arriving from west we recommend the exit Lenart, and from east we recommend the exit Vu\u010dja vas. If coming from Austria it is recommended to take the route via Bad Radkersburg. The fair is only 1 km away from the border between Bad Radkersburg and Gornja Radgona.<\/p>\n<p>From direction Budapest, Hungary in direction W<br \/>\nHighway E71, M70, E653, A5, take exit Vu\u010dja vas<\/p>\n<p>From direction Zagreb, Croatia in direction N<br \/>\nHighway E59, exit Dra\u017eenci direction Ptuj, Cerkvenjak, Spodnji Ivajnci and Gornja Radgona<\/p>\n<p>From direction Ljubljana (also direction Trieste, Italy) in direction E<br \/>\nHighway E70, E61, A1, exit Lenart<\/p>\n<p>From direction Graz, Austria in direction S<br \/>\nHighway E57, E59, A9, exit Gersdorf direction Bad Radkersburg<\/p>\n<p><iframe src=\"https:\/\/www.google.com\/maps\/embed?pb=!1m18!1m12!1m3!1d926153.359540521!2d15.34873891291245!3d46.695937600188415!2m3!1f0!2f0!3f0!3m2!1i1024!2i768!4f13.1!3m3!1m2!1s0x476f148089d101b1%3A0xe00b202fbaa42fee!2sPomurski+sejem+d.d.!5e0!3m2!1ssl!2ssi!4v1523429233769\" width=\"100%\" height=\"450\" frameborder=\"0\" style=\"border:0\" allowfullscreen><\/iframe><\/p>\n<\/div>\n<\/div>\n<\/div>\n<\/div>\n<\/div>\n<div  class=\"one withsmallpadding ppb_text\" style=\"text-align:left;padding:30px 0 30px 0;\" >\n<div class=\"standard_wrapper\">\n<div class=\"page_content_wrapper\">\n<div class=\"inner\">\n<div style=\"margin:auto;width:100%\">\n<hr>\n<\/div>\n<\/div>\n<\/div>\n<\/div>\n<\/div>\n<div  class=\"one withsmallpadding ppb_text\" style=\"text-align:left;padding:30px 0 30px 0;\" >\n<div class=\"standard_wrapper\">\n<div class=\"page_content_wrapper\">\n<div class=\"inner\">\n<div style=\"margin:auto;width:100%\">\n<h3>BY BUS<\/h3>\n<p>Ljubljana<br \/>\n<a href=\"http:\/\/www.ap-ljubljana.si\/eng\/\" rel=\"noopener noreferrer\" target=\"_blank\">http:\/\/www.ap-ljubljana.si\/eng\/<\/a><\/p>\n<p>Murska Sobota<br \/>\n<a href=\"http:\/\/www.apms.si\/voznired\" rel=\"noopener noreferrer\" target=\"_blank\">http:\/\/www.apms.si\/voznired<\/a><\/p>\n<\/div>\n<\/div>\n<\/div>\n<\/div>\n<\/div>\n<div  class=\"one withsmallpadding ppb_text\" style=\"text-align:left;padding:30px 0 30px 0;\" >\n<div class=\"standard_wrapper\">\n<div class=\"page_content_wrapper\">\n<div class=\"inner\">\n<div style=\"margin:auto;width:100%\">\n<hr>\n<\/div>\n<\/div>\n<\/div>\n<\/div>\n<\/div>\n<div  class=\"one withsmallpadding ppb_text\" style=\"text-align:left;padding:30px 0 30px 0;\" >\n<div class=\"standard_wrapper\">\n<div class=\"page_content_wrapper\">\n<div class=\"inner\">\n<div style=\"margin:auto;width:100%\">\n<h3>BY TRAIN<\/h3>\n<p>The best way to reach Gornja Radgona if you are coming from Austria is by going to Bad Radkersburg, which is the border town to Gornja Radgona.<\/p>\n<p>Timetables Austrian Railways: <a href=\"http:\/\/fahrplan.oebb.at\/bin\/query.exe\/en\" rel=\"noopener noreferrer\" target=\"_blank\">http:\/\/fahrplan.oebb.at\/bin\/query.exe\/en<\/a><\/p>\n<p>From the slovenian side there is no direct train to Gornja Radgona.<\/p>\n<\/div>\n<\/div>\n<\/div>\n<\/div>\n<\/div>\n<div  class=\"one withsmallpadding ppb_header \" style=\"text-align:left;padding:30px 0 30px 0;\" >\n<div class=\"standard_wrapper\">\n<div class=\"page_content_wrapper\">\n<div class=\"inner\">\n<div style=\"width:100%\">\n<h2 class=\"ppb_title\" style=\";text-align:left;\">Accomodation<\/h2>\n<\/div>\n<\/div>\n<\/div>\n<\/div>\n<\/div>\n<div  class=\"one withsmallpadding ppb_text\" style=\"text-align:left;padding:30px 0 30px 0;\" >\n<div class=\"standard_wrapper\">\n<div class=\"page_content_wrapper\">\n<div class=\"inner\">\n<div style=\"margin:auto;width:100%\">\n<hr>\n<\/div>\n<\/div>\n<\/div>\n<\/div>\n<\/div>\n<div  class=\"one withsmallpadding ppb_text\" style=\"text-align:left;padding:30px 0 30px 0;\" >\n<div class=\"standard_wrapper\">\n<div class=\"page_content_wrapper\">\n<div class=\"inner\">\n<div style=\"margin:auto;width:100%\">\n<h3>SAVA TURIZEM &#8211; ZDRAVILI\u0160\u010cE RADENCI<\/h3>\n<p>Zdravili\u0161ko naselje 12, 9252 Radenci, Slovenia<br \/>\nP: +386 2 520 27 20, +386 2 520 27 22<br \/>\nF: +386 2 520 27 23<br \/>\nE: <a href=\"mailto:info@zdravilisce-radenci.si\" target=\"_blank\" rel=\"noopener noreferrer\">info@zdravilisce-radenci.si<\/a><br \/>\nW: <a href=\"httpW:\/\/www.sava-hotels-resorts.com\/si\/zdravilisce-radenci\" target=\"_blank\" rel=\"noopener noreferrer\">www.sava-hotels-resorts.com<\/a><\/p>\n<h3>VILA ANNA<\/h3>\n<p>Panonska 15, 9252 Radenci, Slovenia<br \/>\nP: +386 2 566 92 85<br \/>\nM: +386 41 631 476<br \/>\nF: +386 2 566 92 82<br \/>\nE: <a href=\"mailto:info@vila-anna.si\" target=\"_blank\" rel=\"noopener noreferrer\">info@vila-anna.si<\/a><br \/>\nW: <a href=\"httpW:\/\/vila-anna.si\/\" target=\"_blank\" rel=\"noopener noreferrer\">www.vila-anna.si<\/a><\/p>\n<h3>DIJA\u0160KI DOM SREDNJE \u0160OLE ZA GOSTINSTVO IN TURIZEM RADENCI<\/h3>\n<p>Prisojna cesta 4, 9252 Radenci, Slovenia<br \/>\nP: +386 2 564 26 50<br \/>\nF: +386 2 566 91 70<br \/>\nE: <a href=\"mailto:ddssgt.radenci@gmail.com\" target=\"_blank\" rel=\"noopener noreferrer\">ddssgt.radenci@gmail.com<\/a><br \/>\nW: <a href=\"http:\/\/www.s-ssgtr.ms.edus.si\" target=\"_blank\" rel=\"noopener noreferrer\">www.s-ssgtr.ms.edus.si<\/a><\/p>\n<h3>LOVENJAKOV DVOR &#8211; HOTEL \u0160TRK<\/h3>\n<p>Polana 40, 9000 Murska Sobota, Slovenia<br \/>\nP: +386 2 525 21 58<br \/>\nF: +386 2 525 21 57<br \/>\nE: <a href=\"mailto:hotel.strk@siol.net\" target=\"_blank\" rel=\"noopener noreferrer\">hotel.strk@siol.net<\/a><br \/>\nW: <a href=\"http:\/\/www.lovenjakov-dvor.si\/\" target=\"_blank\" rel=\"noopener noreferrer\">www.lovenjakov-dvor.si<\/a><\/p>\n<h3>SAVA TURIZEM &#8211; TERME BANOVCI<\/h3>\n<p>Banovci 1a, 9241 Ver\u017eej, Slovenia<br \/>\nP: +386 2 513 14 00<br \/>\nF: +386 2 548 16 07<br \/>\nE: <a href=\"mailto:terme@terme-banovci.si\" target=\"_blank\" rel=\"noopener noreferrer\">terme@terme-banovci.si<\/a><br \/>\nW: <a href=\"httpW:\/\/www.sava-hotels-resorts.com\/si\/terme-banovci\" target=\"_blank\" rel=\"noopener noreferrer\">www.sava-hotels-resorts.com<\/a><\/p>\n<h3>SAVA TURIZEM &#8211; TERME 3000 \u2013 MORAVSKE TOPLICE<\/h3>\n<p>Kranj\u010deva ulica 12, 9226 Moravske Toplice, Slovenia<br \/>\nP: +386 2 512 22 00<br \/>\nF: +386 2 548 16 07<br \/>\nE: <a href=\"mailto:info@terme3000.si\">info@terme3000.si<\/a><br \/>\nW: <a href=\"httpW:\/\/www.sava-hotels-resorts.com\/si\/terme-3000-moravske-toplice\" target=\"_blank\" rel=\"noopener noreferrer\">www.sava-hotels-resorts.com<\/a><\/p>\n<h3>TERME VIVAT<\/h3>\n<p>Ulica ob igri\u0161\u010du 3,\u00a09226 Moravske Toplice, Slovenia<br \/>\nP: +386 2 538 21 00<br \/>\nM: +386 41 788 881<br \/>\nF: +386 2 538 21 12<br \/>\nE: <a href=\"mailto:info@vivat.si\">info@vivat.si<\/a>, <a href=\"mailto:recepcija@vivat.si\">recepcija@vivat.si<\/a><br \/>\nW: <a href=\"http:\/\/www.vivat.si\/\" target=\"_blank\" rel=\"noopener noreferrer\">www.vivat.si<\/a><\/p>\n<h3>HOTEL DIANA<\/h3>\n<p>Slovenska ulica 52, 9000 Murska Sobota, Slovenia<br \/>\nP: +386 2 514 12 00<br \/>\nF: +386 2 514 12 45<br \/>\nE:\u00a0<a href=\"mailto:recepcija@hotel-diana.si\">recepcija@hotel-diana.si<\/a><br \/>\nW: <a href=\"http:\/\/www.hotel-diana.si\/\" target=\"_blank\" rel=\"noopener noreferrer\">www.hotel-diana.si<\/a><\/p>\n<h3>SAVA TURIZEM &#8211; TERME LENDAVA<\/h3>\n<p>Tom\u0161i\u010deva 2a, 9220 Lendava, Slovenia<br \/>\nP: +386 2 577 44 00, +386 2 577 41 00<br \/>\nF: +386 2 577 44 12<br \/>\nE: <a href=\"mailto:info@terme-lendava.si\">info@terme-lendava.si<\/a><br \/>\nW: <a href=\"httpW:\/\/www.sava-hotels-resorts.com\/si\/terme-lendava\" target=\"_blank\" rel=\"noopener noreferrer\">www.sava-hotels-resorts.com<\/a><\/p>\n<h3>BIOTERME MALA NEDELJA<\/h3>\n<p>Moravci v slovenskih goricah 34 B, 9243 Mala Nedelja, Slovenia<br \/>\nP: +386 2 565 20 00 (Hotel Bioterme)<br \/>\nP: +386 2 585 17 30 (Termalni park)<br \/>\nP: +386 2 585 17 81<br \/>\nE: <a href=\"mailto:hotel@bioterme.si\">hotel@bioterme.si<\/a><br \/>\nW: <a href=\"http:\/\/www.bioterme.si\/\" target=\"_blank\" rel=\"noopener noreferrer\">www.bioterme.si<\/a><\/p>\n<h3>AKTIVNA FITNESS PRENO\u010cI\u0160\u010cA VRTNICA<\/h3>\n<p>Zgornje Konji\u0161\u010de 2, 9253 Apa\u010de, Slovenia<br \/>\nM: +386 40 371 704<br \/>\nE: <a href=\"mailto:andreja.zrnic@gmail.com\">andreja.zrnic@gmail.com<\/a><\/p>\n<h3>SAVA TURIZEM &#8211; TERME PTUJ<\/h3>\n<p>Pot v toplice 9, 2251 Ptuj, Slovenia<br \/>\nP: +386 2 749 45 00<br \/>\nF: +386 2 548 16 07<br \/>\nE: <a href=\"mailto:rezervacije@terme-ptuj.si\">rezervacije@terme-ptuj.si<\/a><br \/>\nW: <a href=\"httpW:\/\/www.sava-hotels-resorts.com\/si\/terme-ptuj\" target=\"_blank\" rel=\"noopener noreferrer\">www.sava-hotels-resorts.com<\/a><\/p>\n<h3>Park hotel Ptuj<\/h3>\n<p>Pre\u0161ernova 38, SI-2250 Ptuj, Slovenia<br \/>\nP: +386 2 749 33 00<br \/>\nF: +386 2 749 33 18<br \/>\nE: <a href=\"mailto:info@parkhotel-ptuj.si\">info@parkhotel-ptuj.si<\/a><br \/>\nW: <a href=\"http:\/\/www.parkhotel-ptuj.si\/\" target=\"_blank\" rel=\"noopener noreferrer\">www.parkhotel-ptuj.si<\/a><\/p>\n<\/div>\n<\/div>\n<\/div>\n<\/div>\n<\/div>\n","protected":false},"excerpt":{"rendered":"<p>Find us TRAVELLING Gornja Radgona is on a great location in the northeast of Slovenia, on the border to Austria, close to the capital of Slovenia (Ljubljana), close to Croatia and close to Hungary. BY PLANE If you are planning [&hellip;]<\/p>\n","protected":false},"author":2,"featured_media":0,"parent":0,"menu_order":0,"comment_status":"closed","ping_status":"closed","template":"","meta":{"footnotes":"","_links_to":"","_links_to_target":""},"class_list":["post-161","page","type-page","status-publish","hentry"],"_links":{"self":[{"href":"https:\/\/www.megra.pomurski-sejem.si\/en\/wp-json\/wp\/v2\/pages\/161","targetHints":{"allow":["GET"]}}],"collection":[{"href":"https:\/\/www.megra.pomurski-sejem.si\/en\/wp-json\/wp\/v2\/pages"}],"about":[{"href":"https:\/\/www.megra.pomurski-sejem.si\/en\/wp-json\/wp\/v2\/types\/page"}],"author":[{"embeddable":true,"href":"https:\/\/www.megra.pomurski-sejem.si\/en\/wp-json\/wp\/v2\/users\/2"}],"replies":[{"embeddable":true,"href":"https:\/\/www.megra.pomurski-sejem.si\/en\/wp-json\/wp\/v2\/comments?post=161"}],"version-history":[{"count":6,"href":"https:\/\/www.megra.pomurski-sejem.si\/en\/wp-json\/wp\/v2\/pages\/161\/revisions"}],"predecessor-version":[{"id":401,"href":"https:\/\/www.megra.pomurski-sejem.si\/en\/wp-json\/wp\/v2\/pages\/161\/revisions\/401"}],"wp:attachment":[{"href":"https:\/\/www.megra.pomurski-sejem.si\/en\/wp-json\/wp\/v2\/media?parent=161"}],"curies":[{"name":"wp","href":"https:\/\/api.w.org\/{rel}","templated":true}]}}